{"id":26,"date":"2020-05-06T19:56:19","date_gmt":"2020-05-06T17:56:19","guid":{"rendered":"http:\/\/mh-fahrzeugpflege.de\/wordpress\/?page_id=26"},"modified":"2024-04-09T20:47:56","modified_gmt":"2024-04-09T18:47:56","slug":"presse","status":"publish","type":"page","link":"https:\/\/mh-fahrzeugpflege.de\/?page_id=26","title":{"rendered":"Keramikversiegelung"},"content":{"rendered":"\t\t<div data-elementor-type=\"wp-page\" data-elementor-id=\"26\" class=\"elementor elementor-26\">\n\t\t\t\t\t\t<div class=\"elementor-inner\">\n\t\t\t\t<div class=\"elementor-section-wrap\">\n\t\t\t\t\t\t\t\t\t<section class=\"has_eae_slider elementor-section elementor-top-section elementor-element elementor-element-4b78ef1 elementor-section-boxed elementor-section-height-default elementor-section-height-default\" data-id=\"4b78ef1\" data-element_type=\"section\">\n\t\t\t\t\t\t<div class=\"elementor-container elementor-column-gap-default\">\n\t\t\t\t\t\t\t<div class=\"elementor-row\">\n\t\t\t\t\t<div class=\"has_eae_slider elementor-column elementor-col-100 elementor-top-column elementor-element elementor-element-986a8be\" data-id=\"986a8be\" data-element_type=\"column\">\n\t\t\t<div class=\"elementor-column-wrap elementor-element-populated\">\n\t\t\t\t\t\t\t<div class=\"elementor-widget-wrap\">\n\t\t\t\t\t\t<div class=\"elementor-element elementor-element-82e9818 elementor-widget elementor-widget-spacer\" data-id=\"82e9818\" data-element_type=\"widget\" data-widget_type=\"spacer.default\">\n\t\t\t\t<div class=\"elementor-widget-container\">\n\t\t\t\t\t<div class=\"elementor-spacer\">\n\t\t\t<div class=\"elementor-spacer-inner\"><\/div>\n\t\t<\/div>\n\t\t\t\t<\/div>\n\t\t\t\t<\/div>\n\t\t\t\t\t\t<\/div>\n\t\t\t\t\t<\/div>\n\t\t<\/div>\n\t\t\t\t\t\t\t\t<\/div>\n\t\t\t\t\t<\/div>\n\t\t<\/section>\n\t\t\t\t<section class=\"has_eae_slider elementor-section elementor-top-section elementor-element elementor-element-07637b4 elementor-section-boxed elementor-section-height-default elementor-section-height-default\" data-id=\"07637b4\" data-element_type=\"section\">\n\t\t\t\t\t\t<div class=\"elementor-container elementor-column-gap-default\">\n\t\t\t\t\t\t\t<div class=\"elementor-row\">\n\t\t\t\t\t<div class=\"has_eae_slider elementor-column elementor-col-100 elementor-top-column elementor-element elementor-element-484d4b9\" data-id=\"484d4b9\" data-element_type=\"column\">\n\t\t\t<div class=\"elementor-column-wrap elementor-element-populated\">\n\t\t\t\t\t\t\t<div class=\"elementor-widget-wrap\">\n\t\t\t\t\t\t<div class=\"elementor-element elementor-element-5148a86 elementor-widget elementor-widget-spacer\" data-id=\"5148a86\" data-element_type=\"widget\" data-widget_type=\"spacer.default\">\n\t\t\t\t<div class=\"elementor-widget-container\">\n\t\t\t\t\t<div class=\"elementor-spacer\">\n\t\t\t<div class=\"elementor-spacer-inner\"><\/div>\n\t\t<\/div>\n\t\t\t\t<\/div>\n\t\t\t\t<\/div>\n\t\t\t\t<div class=\"elementor-element elementor-element-86fa1de animated-slow elementor-view-default elementor-mobile-position-top elementor-vertical-align-top elementor-invisible elementor-widget elementor-widget-icon-box\" data-id=\"86fa1de\" data-element_type=\"widget\" data-settings=\"{&quot;_animation&quot;:&quot;zoomInDown&quot;,&quot;_animation_delay&quot;:200}\" data-widget_type=\"icon-box.default\">\n\t\t\t\t<div class=\"elementor-widget-container\">\n\t\t\t\t\t<div class=\"elementor-icon-box-wrapper\">\n\t\t\t\t\t\t<div class=\"elementor-icon-box-icon\">\n\t\t\t\t<span class=\"elementor-icon elementor-animation-\" >\n\t\t\t\t<i aria-hidden=\"true\" class=\"far fa-gem\"><\/i>\t\t\t\t<\/span>\n\t\t\t<\/div>\n\t\t\t\t\t\t<div class=\"elementor-icon-box-content\">\n\t\t\t\t<h3 class=\"elementor-icon-box-title\">\n\t\t\t\t\t<span  >\n\t\t\t\t\t\t\t\t\t\t\t<\/span>\n\t\t\t\t<\/h3>\n\t\t\t\t\t\t\t<\/div>\n\t\t<\/div>\n\t\t\t\t<\/div>\n\t\t\t\t<\/div>\n\t\t\t\t\t\t<\/div>\n\t\t\t\t\t<\/div>\n\t\t<\/div>\n\t\t\t\t\t\t\t\t<\/div>\n\t\t\t\t\t<\/div>\n\t\t<\/section>\n\t\t\t\t<section class=\"has_eae_slider elementor-section elementor-top-section elementor-element elementor-element-2780544 elementor-section-boxed elementor-section-height-default elementor-section-height-default elementor-invisible\" data-id=\"2780544\" data-element_type=\"section\" data-settings=\"{&quot;animation&quot;:&quot;fadeInDown&quot;}\">\n\t\t\t\t\t\t<div class=\"elementor-container elementor-column-gap-default\">\n\t\t\t\t\t\t\t<div class=\"elementor-row\">\n\t\t\t\t\t<div class=\"has_eae_slider elementor-column elementor-col-100 elementor-top-column elementor-element elementor-element-e9ba60a\" data-id=\"e9ba60a\" data-element_type=\"column\">\n\t\t\t<div class=\"elementor-column-wrap elementor-element-populated\">\n\t\t\t\t\t\t\t<div class=\"elementor-widget-wrap\">\n\t\t\t\t\t\t<div class=\"elementor-element elementor-element-40a0f2b elementor-widget elementor-widget-spacer\" data-id=\"40a0f2b\" data-element_type=\"widget\" data-widget_type=\"spacer.default\">\n\t\t\t\t<div class=\"elementor-widget-container\">\n\t\t\t\t\t<div class=\"elementor-spacer\">\n\t\t\t<div class=\"elementor-spacer-inner\"><\/div>\n\t\t<\/div>\n\t\t\t\t<\/div>\n\t\t\t\t<\/div>\n\t\t\t\t<div class=\"elementor-element elementor-element-4d012bd elementor-widget elementor-widget-heading\" data-id=\"4d012bd\" data-element_type=\"widget\" data-widget_type=\"heading.default\">\n\t\t\t\t<div class=\"elementor-widget-container\">\n\t\t\t<h2 class=\"elementor-heading-title elementor-size-default\">Darf es eine Keramikversiegelung sein ?<\/h2>\t\t<\/div>\n\t\t\t\t<\/div>\n\t\t\t\t<div class=\"elementor-element elementor-element-dbf7381 elementor-widget elementor-widget-text-editor\" data-id=\"dbf7381\" data-element_type=\"widget\" data-widget_type=\"text-editor.default\">\n\t\t\t\t<div class=\"elementor-widget-container\">\n\t\t\t\t\t\t\t\t<div class=\"elementor-text-editor elementor-clearfix\">\n\t\t\t\t<p><span class=\"ILfuVd NA6bn\"><span class=\"e24Kjd\">Neben der\u00a0 Nano- und Polymerversiegelung bieten wir Ihnen auch\u00a0 eine <b>Keramikversiegelung<\/b> .<\/span><\/span><\/p>\t\t\t\t\t<\/div>\n\t\t\t\t\t\t<\/div>\n\t\t\t\t<\/div>\n\t\t\t\t<div class=\"elementor-element elementor-element-1c68546 elementor-widget elementor-widget-heading\" data-id=\"1c68546\" data-element_type=\"widget\" data-widget_type=\"heading.default\">\n\t\t\t\t<div class=\"elementor-widget-container\">\n\t\t\t<h2 class=\"elementor-heading-title elementor-size-default\">Was bringt die Keramikversiegelung ?<\/h2>\t\t<\/div>\n\t\t\t\t<\/div>\n\t\t\t\t<div class=\"elementor-element elementor-element-49ddfd4 elementor-widget elementor-widget-text-editor\" data-id=\"49ddfd4\" data-element_type=\"widget\" data-widget_type=\"text-editor.default\">\n\t\t\t\t<div class=\"elementor-widget-container\">\n\t\t\t\t\t\t\t\t<div class=\"elementor-text-editor elementor-clearfix\">\n\t\t\t\t<p><span class=\"ILfuVd\"><span class=\"e24Kjd\">Die Keramikversiegelung ist eine innovative Form der Oberfl\u00e4chenversiegelung und bietet einen maximalen Schutz f\u00fcr Autolacke. E<span class=\"ILfuVd NA6bn\">ine Schutzschicht die mit dem Lack eingeht bietet hier einen langanhaftenden Schutz f\u00fcr Ihr Autolack.<\/span><\/span><\/span><\/p>\t\t\t\t\t<\/div>\n\t\t\t\t\t\t<\/div>\n\t\t\t\t<\/div>\n\t\t\t\t<div class=\"elementor-element elementor-element-0d1e528 elementor-widget elementor-widget-heading\" data-id=\"0d1e528\" data-element_type=\"widget\" data-widget_type=\"heading.default\">\n\t\t\t\t<div class=\"elementor-widget-container\">\n\t\t\t<h2 class=\"elementor-heading-title elementor-size-default\">Die Vorteile einer keramischen Versiegelung:<\/h2>\t\t<\/div>\n\t\t\t\t<\/div>\n\t\t\t\t<div class=\"elementor-element elementor-element-469c051 elementor-widget elementor-widget-text-editor\" data-id=\"469c051\" data-element_type=\"widget\" data-settings=\"{&quot;_animation&quot;:&quot;none&quot;}\" data-widget_type=\"text-editor.default\">\n\t\t\t\t<div class=\"elementor-widget-container\">\n\t\t\t\t\t\t\t\t<div class=\"elementor-text-editor elementor-clearfix\">\n\t\t\t\t<p>\u2022 Langanhaltender Schutz<br \/>\u2022 Extremer Abperleffekt<br \/>\u2022 Waschstra\u00dfenfest<br \/>\u2022 Insekten haften nicht fest an<br \/>\u2022 Ein besonders starker Glanzeffekt<br \/>\u2022 Wertsteigerung Ihres Fahrzeuges<br \/>\u2022 sehr lange Haltbarkeit ( 3-5 Jahre Schutz )<\/p>\t\t\t\t\t<\/div>\n\t\t\t\t\t\t<\/div>\n\t\t\t\t<\/div>\n\t\t\t\t\t\t<\/div>\n\t\t\t\t\t<\/div>\n\t\t<\/div>\n\t\t\t\t\t\t\t\t<\/div>\n\t\t\t\t\t<\/div>\n\t\t<\/section>\n\t\t\t\t<section class=\"has_eae_slider elementor-section elementor-top-section elementor-element elementor-element-018db00 elementor-section-boxed elementor-section-height-default elementor-section-height-default elementor-invisible\" data-id=\"018db00\" data-element_type=\"section\" data-settings=\"{&quot;animation&quot;:&quot;fadeInUp&quot;}\">\n\t\t\t\t\t\t<div class=\"elementor-container elementor-column-gap-default\">\n\t\t\t\t\t\t\t<div class=\"elementor-row\">\n\t\t\t\t\t<div class=\"has_eae_slider elementor-column elementor-col-100 elementor-top-column elementor-element elementor-element-68d1407\" data-id=\"68d1407\" data-element_type=\"column\">\n\t\t\t<div class=\"elementor-column-wrap elementor-element-populated\">\n\t\t\t\t\t\t\t<div class=\"elementor-widget-wrap\">\n\t\t\t\t\t\t<div class=\"elementor-element elementor-element-e31a2eb elementor-widget-divider--view-line elementor-widget elementor-widget-divider\" data-id=\"e31a2eb\" data-element_type=\"widget\" data-widget_type=\"divider.default\">\n\t\t\t\t<div class=\"elementor-widget-container\">\n\t\t\t\t\t<div class=\"elementor-divider\">\n\t\t\t<span class=\"elementor-divider-separator\">\n\t\t\t\t\t\t<\/span>\n\t\t<\/div>\n\t\t\t\t<\/div>\n\t\t\t\t<\/div>\n\t\t\t\t<div class=\"elementor-element elementor-element-ff1b37b elementor-invisible elementor-widget elementor-widget-image-gallery\" data-id=\"ff1b37b\" data-element_type=\"widget\" data-settings=\"{&quot;_animation&quot;:&quot;fadeInUp&quot;}\" data-widget_type=\"image-gallery.default\">\n\t\t\t\t<div class=\"elementor-widget-container\">\n\t\t\t\t\t<div class=\"elementor-image-gallery\">\n\t\t\t\n\t\t<style type=\"text\/css\">\n\t\t\t#gallery-1 {\n\t\t\t\tmargin: auto;\n\t\t\t}\n\t\t\t#gallery-1 .gallery-item {\n\t\t\t\tfloat: left;\n\t\t\t\tmargin-top: 10px;\n\t\t\t\ttext-align: center;\n\t\t\t\twidth: 25%;\n\t\t\t}\n\t\t\t#gallery-1 img {\n\t\t\t\tborder: 2px solid #cfcfcf;\n\t\t\t}\n\t\t\t#gallery-1 .gallery-caption {\n\t\t\t\tmargin-left: 0;\n\t\t\t}\n\t\t\t\/* see gallery_shortcode() in wp-includes\/media.php *\/\n\t\t<\/style>\n\t\t<div id='gallery-1' class='gallery galleryid-26 gallery-columns-4 gallery-size-medium'><dl class='gallery-item'>\n\t\t\t<dt class='gallery-icon portrait'>\n\t\t\t\t<a data-elementor-open-lightbox=\"yes\" data-elementor-lightbox-slideshow=\"ff1b37b\" data-elementor-lightbox-title=\"_A732610\" e-action-hash=\"#elementor-action%3Aaction%3Dlightbox%26settings%3DeyJpZCI6MjE0LCJ1cmwiOiJodHRwczpcL1wvbWgtZmFocnpldWdwZmxlZ2UuZGVcL3dvcmRwcmVzc1wvd3AtY29udGVudFwvdXBsb2Fkc1wvMjAyMFwvMDVcL0E3MzI2MTAucG5nIiwic2xpZGVzaG93IjoiZmYxYjM3YiJ9\" href='https:\/\/mh-fahrzeugpflege.de\/wordpress\/wp-content\/uploads\/2020\/05\/A732610.png'><img loading=\"lazy\" decoding=\"async\" width=\"200\" height=\"300\" src=\"https:\/\/mh-fahrzeugpflege.de\/wordpress\/wp-content\/uploads\/2020\/05\/A732610-200x300.png\" class=\"attachment-medium size-medium\" alt=\"\" srcset=\"https:\/\/mh-fahrzeugpflege.de\/wordpress\/wp-content\/uploads\/2020\/05\/A732610-200x300.png 200w, https:\/\/mh-fahrzeugpflege.de\/wordpress\/wp-content\/uploads\/2020\/05\/A732610-683x1024.png 683w, https:\/\/mh-fahrzeugpflege.de\/wordpress\/wp-content\/uploads\/2020\/05\/A732610-768x1152.png 768w, https:\/\/mh-fahrzeugpflege.de\/wordpress\/wp-content\/uploads\/2020\/05\/A732610.png 800w\" sizes=\"(max-width: 200px) 100vw, 200px\" \/><\/a>\n\t\t\t<\/dt><\/dl><dl class='gallery-item'>\n\t\t\t<dt class='gallery-icon portrait'>\n\t\t\t\t<a data-elementor-open-lightbox=\"yes\" data-elementor-lightbox-slideshow=\"ff1b37b\" data-elementor-lightbox-title=\"_A732643 1\" e-action-hash=\"#elementor-action%3Aaction%3Dlightbox%26settings%3DeyJpZCI6Mjk1LCJ1cmwiOiJodHRwczpcL1wvbWgtZmFocnpldWdwZmxlZ2UuZGVcL3dvcmRwcmVzc1wvd3AtY29udGVudFwvdXBsb2Fkc1wvMjAyMFwvMDVcL0E3MzI2NDMtMS5wbmciLCJzbGlkZXNob3ciOiJmZjFiMzdiIn0%3D\" href='https:\/\/mh-fahrzeugpflege.de\/wordpress\/wp-content\/uploads\/2020\/05\/A732643-1.png'><img loading=\"lazy\" decoding=\"async\" width=\"200\" height=\"300\" src=\"https:\/\/mh-fahrzeugpflege.de\/wordpress\/wp-content\/uploads\/2020\/05\/A732643-1-200x300.png\" class=\"attachment-medium size-medium\" alt=\"\" srcset=\"https:\/\/mh-fahrzeugpflege.de\/wordpress\/wp-content\/uploads\/2020\/05\/A732643-1-200x300.png 200w, https:\/\/mh-fahrzeugpflege.de\/wordpress\/wp-content\/uploads\/2020\/05\/A732643-1-683x1024.png 683w, https:\/\/mh-fahrzeugpflege.de\/wordpress\/wp-content\/uploads\/2020\/05\/A732643-1-768x1152.png 768w, https:\/\/mh-fahrzeugpflege.de\/wordpress\/wp-content\/uploads\/2020\/05\/A732643-1.png 800w\" sizes=\"(max-width: 200px) 100vw, 200px\" \/><\/a>\n\t\t\t<\/dt><\/dl><dl class='gallery-item'>\n\t\t\t<dt class='gallery-icon landscape'>\n\t\t\t\t<a data-elementor-open-lightbox=\"yes\" data-elementor-lightbox-slideshow=\"ff1b37b\" data-elementor-lightbox-title=\"website\" e-action-hash=\"#elementor-action%3Aaction%3Dlightbox%26settings%3DeyJpZCI6OTQsInVybCI6Imh0dHBzOlwvXC9taC1mYWhyemV1Z3BmbGVnZS5kZVwvd29yZHByZXNzXC93cC1jb250ZW50XC91cGxvYWRzXC8yMDIwXC8wNVwvd2Vic2l0ZS5qcGciLCJzbGlkZXNob3ciOiJmZjFiMzdiIn0%3D\" href='https:\/\/mh-fahrzeugpflege.de\/wordpress\/wp-content\/uploads\/2020\/05\/website.jpg'><img loading=\"lazy\" decoding=\"async\" width=\"300\" height=\"196\" src=\"https:\/\/mh-fahrzeugpflege.de\/wordpress\/wp-content\/uploads\/2020\/05\/website-300x196.jpg\" class=\"attachment-medium size-medium\" alt=\"\" srcset=\"https:\/\/mh-fahrzeugpflege.de\/wordpress\/wp-content\/uploads\/2020\/05\/website-300x196.jpg 300w, https:\/\/mh-fahrzeugpflege.de\/wordpress\/wp-content\/uploads\/2020\/05\/website-1024x668.jpg 1024w, https:\/\/mh-fahrzeugpflege.de\/wordpress\/wp-content\/uploads\/2020\/05\/website-768x501.jpg 768w, https:\/\/mh-fahrzeugpflege.de\/wordpress\/wp-content\/uploads\/2020\/05\/website-1536x1002.jpg 1536w, https:\/\/mh-fahrzeugpflege.de\/wordpress\/wp-content\/uploads\/2020\/05\/website.jpg 1920w\" sizes=\"(max-width: 300px) 100vw, 300px\" \/><\/a>\n\t\t\t<\/dt><\/dl><dl class='gallery-item'>\n\t\t\t<dt class='gallery-icon portrait'>\n\t\t\t\t<a data-elementor-open-lightbox=\"yes\" data-elementor-lightbox-slideshow=\"ff1b37b\" data-elementor-lightbox-title=\"mh_A732352\" e-action-hash=\"#elementor-action%3Aaction%3Dlightbox%26settings%3DeyJpZCI6MTg5LCJ1cmwiOiJodHRwczpcL1wvbWgtZmFocnpldWdwZmxlZ2UuZGVcL3dvcmRwcmVzc1wvd3AtY29udGVudFwvdXBsb2Fkc1wvMjAyMFwvMDVcL21oX0E3MzIzNTIucG5nIiwic2xpZGVzaG93IjoiZmYxYjM3YiJ9\" href='https:\/\/mh-fahrzeugpflege.de\/wordpress\/wp-content\/uploads\/2020\/05\/mh_A732352.png'><img loading=\"lazy\" decoding=\"async\" width=\"200\" height=\"300\" src=\"https:\/\/mh-fahrzeugpflege.de\/wordpress\/wp-content\/uploads\/2020\/05\/mh_A732352-200x300.png\" class=\"attachment-medium size-medium\" alt=\"\" srcset=\"https:\/\/mh-fahrzeugpflege.de\/wordpress\/wp-content\/uploads\/2020\/05\/mh_A732352-200x300.png 200w, https:\/\/mh-fahrzeugpflege.de\/wordpress\/wp-content\/uploads\/2020\/05\/mh_A732352.png 533w\" sizes=\"(max-width: 200px) 100vw, 200px\" \/><\/a>\n\t\t\t<\/dt><\/dl><br style=\"clear: both\" \/><dl class='gallery-item'>\n\t\t\t<dt class='gallery-icon landscape'>\n\t\t\t\t<a data-elementor-open-lightbox=\"yes\" data-elementor-lightbox-slideshow=\"ff1b37b\" data-elementor-lightbox-title=\"website-18\" e-action-hash=\"#elementor-action%3Aaction%3Dlightbox%26settings%3DeyJpZCI6OTMsInVybCI6Imh0dHBzOlwvXC9taC1mYWhyemV1Z3BmbGVnZS5kZVwvd29yZHByZXNzXC93cC1jb250ZW50XC91cGxvYWRzXC8yMDIwXC8wNVwvd2Vic2l0ZS0xOC5qcGciLCJzbGlkZXNob3ciOiJmZjFiMzdiIn0%3D\" href='https:\/\/mh-fahrzeugpflege.de\/wordpress\/wp-content\/uploads\/2020\/05\/website-18.jpg'><img loading=\"lazy\" decoding=\"async\" width=\"300\" height=\"200\" src=\"https:\/\/mh-fahrzeugpflege.de\/wordpress\/wp-content\/uploads\/2020\/05\/website-18-300x200.jpg\" class=\"attachment-medium size-medium\" alt=\"\" srcset=\"https:\/\/mh-fahrzeugpflege.de\/wordpress\/wp-content\/uploads\/2020\/05\/website-18-300x200.jpg 300w, https:\/\/mh-fahrzeugpflege.de\/wordpress\/wp-content\/uploads\/2020\/05\/website-18-1024x683.jpg 1024w, https:\/\/mh-fahrzeugpflege.de\/wordpress\/wp-content\/uploads\/2020\/05\/website-18-768x512.jpg 768w, https:\/\/mh-fahrzeugpflege.de\/wordpress\/wp-content\/uploads\/2020\/05\/website-18-1536x1025.jpg 1536w, https:\/\/mh-fahrzeugpflege.de\/wordpress\/wp-content\/uploads\/2020\/05\/website-18.jpg 1920w\" sizes=\"(max-width: 300px) 100vw, 300px\" \/><\/a>\n\t\t\t<\/dt><\/dl><dl class='gallery-item'>\n\t\t\t<dt class='gallery-icon portrait'>\n\t\t\t\t<a data-elementor-open-lightbox=\"yes\" data-elementor-lightbox-slideshow=\"ff1b37b\" data-elementor-lightbox-title=\"_A732640 1\" e-action-hash=\"#elementor-action%3Aaction%3Dlightbox%26settings%3DeyJpZCI6Mjk0LCJ1cmwiOiJodHRwczpcL1wvbWgtZmFocnpldWdwZmxlZ2UuZGVcL3dvcmRwcmVzc1wvd3AtY29udGVudFwvdXBsb2Fkc1wvMjAyMFwvMDVcL0E3MzI2NDAtMS5wbmciLCJzbGlkZXNob3ciOiJmZjFiMzdiIn0%3D\" href='https:\/\/mh-fahrzeugpflege.de\/wordpress\/wp-content\/uploads\/2020\/05\/A732640-1.png'><img loading=\"lazy\" decoding=\"async\" width=\"200\" height=\"300\" src=\"https:\/\/mh-fahrzeugpflege.de\/wordpress\/wp-content\/uploads\/2020\/05\/A732640-1-200x300.png\" class=\"attachment-medium size-medium\" alt=\"\" srcset=\"https:\/\/mh-fahrzeugpflege.de\/wordpress\/wp-content\/uploads\/2020\/05\/A732640-1-200x300.png 200w, https:\/\/mh-fahrzeugpflege.de\/wordpress\/wp-content\/uploads\/2020\/05\/A732640-1-683x1024.png 683w, https:\/\/mh-fahrzeugpflege.de\/wordpress\/wp-content\/uploads\/2020\/05\/A732640-1-768x1152.png 768w, https:\/\/mh-fahrzeugpflege.de\/wordpress\/wp-content\/uploads\/2020\/05\/A732640-1.png 800w\" sizes=\"(max-width: 200px) 100vw, 200px\" \/><\/a>\n\t\t\t<\/dt><\/dl><dl class='gallery-item'>\n\t\t\t<dt class='gallery-icon landscape'>\n\t\t\t\t<a data-elementor-open-lightbox=\"yes\" data-elementor-lightbox-slideshow=\"ff1b37b\" data-elementor-lightbox-title=\"_A732640 1\" e-action-hash=\"#elementor-action%3Aaction%3Dlightbox%26settings%3DeyJpZCI6MzE0LCJ1cmwiOiJodHRwczpcL1wvbWgtZmFocnpldWdwZmxlZ2UuZGVcL3dvcmRwcmVzc1wvd3AtY29udGVudFwvdXBsb2Fkc1wvMjAyMFwvMDdcL0Nhcmxvc19GaWF0X0E3MzYzOTgucG5nIiwic2xpZGVzaG93IjoiZmYxYjM3YiJ9\" href='https:\/\/mh-fahrzeugpflege.de\/wordpress\/wp-content\/uploads\/2020\/07\/Carlos_Fiat_A736398.png'><img loading=\"lazy\" decoding=\"async\" width=\"300\" height=\"188\" src=\"https:\/\/mh-fahrzeugpflege.de\/wordpress\/wp-content\/uploads\/2020\/07\/Carlos_Fiat_A736398-300x188.png\" class=\"attachment-medium size-medium\" alt=\"\" srcset=\"https:\/\/mh-fahrzeugpflege.de\/wordpress\/wp-content\/uploads\/2020\/07\/Carlos_Fiat_A736398-300x188.png 300w, https:\/\/mh-fahrzeugpflege.de\/wordpress\/wp-content\/uploads\/2020\/07\/Carlos_Fiat_A736398-1024x640.png 1024w, https:\/\/mh-fahrzeugpflege.de\/wordpress\/wp-content\/uploads\/2020\/07\/Carlos_Fiat_A736398-768x480.png 768w, https:\/\/mh-fahrzeugpflege.de\/wordpress\/wp-content\/uploads\/2020\/07\/Carlos_Fiat_A736398-1536x960.png 1536w, https:\/\/mh-fahrzeugpflege.de\/wordpress\/wp-content\/uploads\/2020\/07\/Carlos_Fiat_A736398.png 1800w\" sizes=\"(max-width: 300px) 100vw, 300px\" \/><\/a>\n\t\t\t<\/dt><\/dl>\n\t\t\t<br style='clear: both' \/>\n\t\t<\/div>\n\t\t<\/div>\n\t\t\t\t<\/div>\n\t\t\t\t<\/div>\n\t\t\t\t\t\t<\/div>\n\t\t\t\t\t<\/div>\n\t\t<\/div>\n\t\t\t\t\t\t\t\t<\/div>\n\t\t\t\t\t<\/div>\n\t\t<\/section>\n\t\t\t\t\t\t\t\t\t<\/div>\n\t\t\t<\/div>\n\t\t\t\t\t<\/div>\n\t\t","protected":false},"excerpt":{"rendered":"<p>Darf es eine Keramikversiegelung sein ? Neben der\u00a0 Nano- und Polymerversiegelung bieten wir Ihnen auch\u00a0 eine Keramikversiegelung . Was bringt die Keramikversiegelung ? Die Keramikversiegelung ist eine innovative Form der Oberfl\u00e4chenversiegelung und bietet einen maximalen Schutz f\u00fcr Autolacke. Eine Schutzschicht die mit dem Lack eingeht bietet hier einen langanhaftenden Schutz f\u00fcr Ihr Autolack. Die Vorteile [&hellip;]<\/p>\n","protected":false},"author":1,"featured_media":0,"parent":0,"menu_order":0,"comment_status":"closed","ping_status":"closed","template":"elementor_header_footer","meta":{"footnotes":""},"_links":{"self":[{"href":"https:\/\/mh-fahrzeugpflege.de\/index.php?rest_route=\/wp\/v2\/pages\/26"}],"collection":[{"href":"https:\/\/mh-fahrzeugpflege.de\/index.php?rest_route=\/wp\/v2\/pages"}],"about":[{"href":"https:\/\/mh-fahrzeugpflege.de\/index.php?rest_route=\/wp\/v2\/types\/page"}],"author":[{"embeddable":true,"href":"https:\/\/mh-fahrzeugpflege.de\/index.php?rest_route=\/wp\/v2\/users\/1"}],"replies":[{"embeddable":true,"href":"https:\/\/mh-fahrzeugpflege.de\/index.php?rest_route=%2Fwp%2Fv2%2Fcomments&post=26"}],"version-history":[{"count":22,"href":"https:\/\/mh-fahrzeugpflege.de\/index.php?rest_route=\/wp\/v2\/pages\/26\/revisions"}],"predecessor-version":[{"id":391,"href":"https:\/\/mh-fahrzeugpflege.de\/index.php?rest_route=\/wp\/v2\/pages\/26\/revisions\/391"}],"wp:attachment":[{"href":"https:\/\/mh-fahrzeugpflege.de\/index.php?rest_route=%2Fwp%2Fv2%2Fmedia&parent=26"}],"curies":[{"name":"wp","href":"https:\/\/api.w.org\/{rel}","templated":true}]}}