{"id":22,"date":"2020-05-06T19:55:43","date_gmt":"2020-05-06T17:55:43","guid":{"rendered":"http:\/\/mh-fahrzeugpflege.de\/wordpress\/?page_id=22"},"modified":"2024-04-10T21:06:15","modified_gmt":"2024-04-10T19:06:15","slug":"premiumpflege","status":"publish","type":"page","link":"https:\/\/mh-fahrzeugpflege.de\/?page_id=22","title":{"rendered":"Premiumpflege"},"content":{"rendered":"\t\t<div data-elementor-type=\"wp-page\" data-elementor-id=\"22\" class=\"elementor elementor-22\">\n\t\t\t\t\t\t<div class=\"elementor-inner\">\n\t\t\t\t<div class=\"elementor-section-wrap\">\n\t\t\t\t\t\t\t\t\t<section class=\"has_eae_slider elementor-section elementor-top-section elementor-element elementor-element-502ad37 elementor-section-boxed elementor-section-height-default elementor-section-height-default\" data-id=\"502ad37\" data-element_type=\"section\">\n\t\t\t\t\t\t<div class=\"elementor-container elementor-column-gap-default\">\n\t\t\t\t\t\t\t<div class=\"elementor-row\">\n\t\t\t\t\t<div class=\"has_eae_slider elementor-column elementor-col-100 elementor-top-column elementor-element elementor-element-db1a4cf\" data-id=\"db1a4cf\" data-element_type=\"column\">\n\t\t\t<div class=\"elementor-column-wrap elementor-element-populated\">\n\t\t\t\t\t\t\t<div class=\"elementor-widget-wrap\">\n\t\t\t\t\t\t<div class=\"elementor-element elementor-element-6760bd6 elementor-widget elementor-widget-spacer\" data-id=\"6760bd6\" data-element_type=\"widget\" data-widget_type=\"spacer.default\">\n\t\t\t\t<div class=\"elementor-widget-container\">\n\t\t\t\t\t<div class=\"elementor-spacer\">\n\t\t\t<div class=\"elementor-spacer-inner\"><\/div>\n\t\t<\/div>\n\t\t\t\t<\/div>\n\t\t\t\t<\/div>\n\t\t\t\t\t\t<\/div>\n\t\t\t\t\t<\/div>\n\t\t<\/div>\n\t\t\t\t\t\t\t\t<\/div>\n\t\t\t\t\t<\/div>\n\t\t<\/section>\n\t\t\t\t<section class=\"has_eae_slider elementor-section elementor-top-section elementor-element elementor-element-d93385c elementor-section-full_width animated-slow elementor-section-height-default elementor-section-height-default\" data-id=\"d93385c\" data-element_type=\"section\" data-settings=\"{&quot;background_background&quot;:&quot;classic&quot;,&quot;animation&quot;:&quot;none&quot;}\">\n\t\t\t\t\t\t<div class=\"elementor-container elementor-column-gap-default\">\n\t\t\t\t\t\t\t<div class=\"elementor-row\">\n\t\t\t\t\t<div class=\"has_eae_slider elementor-column elementor-col-100 elementor-top-column elementor-element elementor-element-025dd64\" data-id=\"025dd64\" data-element_type=\"column\">\n\t\t\t<div class=\"elementor-column-wrap elementor-element-populated\">\n\t\t\t\t\t\t\t<div class=\"elementor-widget-wrap\">\n\t\t\t\t\t\t<div class=\"elementor-element elementor-element-aa0368b elementor-widget elementor-widget-spacer\" data-id=\"aa0368b\" data-element_type=\"widget\" data-widget_type=\"spacer.default\">\n\t\t\t\t<div class=\"elementor-widget-container\">\n\t\t\t\t\t<div class=\"elementor-spacer\">\n\t\t\t<div class=\"elementor-spacer-inner\"><\/div>\n\t\t<\/div>\n\t\t\t\t<\/div>\n\t\t\t\t<\/div>\n\t\t\t\t<div class=\"elementor-element elementor-element-5aaaac5 elementor-widget elementor-widget-spacer\" data-id=\"5aaaac5\" data-element_type=\"widget\" data-widget_type=\"spacer.default\">\n\t\t\t\t<div class=\"elementor-widget-container\">\n\t\t\t\t\t<div class=\"elementor-spacer\">\n\t\t\t<div class=\"elementor-spacer-inner\"><\/div>\n\t\t<\/div>\n\t\t\t\t<\/div>\n\t\t\t\t<\/div>\n\t\t\t\t<div class=\"elementor-element elementor-element-0ad5950 elementor-widget elementor-widget-spacer\" data-id=\"0ad5950\" data-element_type=\"widget\" data-widget_type=\"spacer.default\">\n\t\t\t\t<div class=\"elementor-widget-container\">\n\t\t\t\t\t<div class=\"elementor-spacer\">\n\t\t\t<div class=\"elementor-spacer-inner\"><\/div>\n\t\t<\/div>\n\t\t\t\t<\/div>\n\t\t\t\t<\/div>\n\t\t\t\t<div class=\"elementor-element elementor-element-6e90c26 animated-slow elementor-invisible elementor-widget elementor-widget-heading\" data-id=\"6e90c26\" data-element_type=\"widget\" data-settings=\"{&quot;_animation&quot;:&quot;fadeInDown&quot;,&quot;_animation_delay&quot;:300}\" data-widget_type=\"heading.default\">\n\t\t\t\t<div class=\"elementor-widget-container\">\n\t\t\t<h2 class=\"elementor-heading-title elementor-size-default\">Fahrzeugpflege mit Liebe zum Detail!<\/h2>\t\t<\/div>\n\t\t\t\t<\/div>\n\t\t\t\t<div class=\"elementor-element elementor-element-14e4c52 animated-slow elementor-invisible elementor-widget elementor-widget-text-editor\" data-id=\"14e4c52\" data-element_type=\"widget\" data-settings=\"{&quot;_animation&quot;:&quot;fadeInDown&quot;,&quot;_animation_delay&quot;:400}\" data-widget_type=\"text-editor.default\">\n\t\t\t\t<div class=\"elementor-widget-container\">\n\t\t\t\t\t\t\t\t<div class=\"elementor-text-editor elementor-clearfix\">\n\t\t\t\t<p>Hochglanzversiegelung &#8211; Inneraumpflege &#8211; Geruchsentfernung<\/p>\t\t\t\t\t<\/div>\n\t\t\t\t\t\t<\/div>\n\t\t\t\t<\/div>\n\t\t\t\t<div class=\"elementor-element elementor-element-349ea96 elementor-widget elementor-widget-spacer\" data-id=\"349ea96\" data-element_type=\"widget\" data-widget_type=\"spacer.default\">\n\t\t\t\t<div class=\"elementor-widget-container\">\n\t\t\t\t\t<div class=\"elementor-spacer\">\n\t\t\t<div class=\"elementor-spacer-inner\"><\/div>\n\t\t<\/div>\n\t\t\t\t<\/div>\n\t\t\t\t<\/div>\n\t\t\t\t<div class=\"elementor-element elementor-element-9a4425a elementor-widget elementor-widget-spacer\" data-id=\"9a4425a\" data-element_type=\"widget\" data-widget_type=\"spacer.default\">\n\t\t\t\t<div class=\"elementor-widget-container\">\n\t\t\t\t\t<div class=\"elementor-spacer\">\n\t\t\t<div class=\"elementor-spacer-inner\"><\/div>\n\t\t<\/div>\n\t\t\t\t<\/div>\n\t\t\t\t<\/div>\n\t\t\t\t<div class=\"elementor-element elementor-element-9d1c3e3 elementor-widget elementor-widget-spacer\" data-id=\"9d1c3e3\" data-element_type=\"widget\" data-widget_type=\"spacer.default\">\n\t\t\t\t<div class=\"elementor-widget-container\">\n\t\t\t\t\t<div class=\"elementor-spacer\">\n\t\t\t<div class=\"elementor-spacer-inner\"><\/div>\n\t\t<\/div>\n\t\t\t\t<\/div>\n\t\t\t\t<\/div>\n\t\t\t\t\t\t<\/div>\n\t\t\t\t\t<\/div>\n\t\t<\/div>\n\t\t\t\t\t\t\t\t<\/div>\n\t\t\t\t\t<\/div>\n\t\t<\/section>\n\t\t\t\t<section class=\"has_eae_slider elementor-section elementor-top-section elementor-element elementor-element-e282d3d elementor-section-boxed elementor-section-height-default elementor-section-height-default\" data-id=\"e282d3d\" data-element_type=\"section\" data-settings=\"{&quot;background_background&quot;:&quot;classic&quot;,&quot;animation&quot;:&quot;none&quot;}\">\n\t\t\t\t\t\t<div class=\"elementor-container elementor-column-gap-default\">\n\t\t\t\t\t\t\t<div class=\"elementor-row\">\n\t\t\t\t\t<div class=\"has_eae_slider elementor-column elementor-col-50 elementor-top-column elementor-element elementor-element-9cae76b\" data-id=\"9cae76b\" data-element_type=\"column\">\n\t\t\t<div class=\"elementor-column-wrap elementor-element-populated\">\n\t\t\t\t\t\t\t<div class=\"elementor-widget-wrap\">\n\t\t\t\t\t\t<div class=\"elementor-element elementor-element-8ac0baf elementor-widget elementor-widget-spacer\" data-id=\"8ac0baf\" data-element_type=\"widget\" data-widget_type=\"spacer.default\">\n\t\t\t\t<div class=\"elementor-widget-container\">\n\t\t\t\t\t<div class=\"elementor-spacer\">\n\t\t\t<div class=\"elementor-spacer-inner\"><\/div>\n\t\t<\/div>\n\t\t\t\t<\/div>\n\t\t\t\t<\/div>\n\t\t\t\t<div class=\"elementor-element elementor-element-5e69050 elementor-widget elementor-widget-text-editor\" data-id=\"5e69050\" data-element_type=\"widget\" data-settings=\"{&quot;_animation&quot;:&quot;none&quot;}\" data-widget_type=\"text-editor.default\">\n\t\t\t\t<div class=\"elementor-widget-container\">\n\t\t\t\t\t\t\t\t<div class=\"elementor-text-editor elementor-clearfix\">\n\t\t\t\t<p>Ein Firmenmotto, das alles sagt: Unsere anspruchsvolle Kundschaft erwartet von uns mehr als eine einfache Wagenw\u00e4sche. Fahrzeugpflege ist f\u00fcr uns Kunst.<\/p><p>Basis ist unbestechliche Gr\u00fcndlichkeit, mit der wir aus der kleinsten Pore Ihres Wagens Brillanz holen. Die Summe der Glanzlichter zu stilisieren \u2013 das ist die Kunst, die wir perfekt beherrschen. Wir freuen uns auf Sie!<\/p><p><strong>\u2022 Komplettpflege \u201eStandard\u201c\u00a0 &amp; &#8222;Premium&#8220;<\/strong><br \/><strong>\u2022 Hochglanzversiegelungen im Programm<\/strong><br \/><strong>\u2022 Waschstra\u00dfenfeste Versiegelungen <\/strong><br \/><strong>\u2022 Acrylhochglanzversiegelungen <\/strong><br \/><strong>\u2022 Keramikversiegelung<\/strong><\/p><p>Haltbarkeit zwischen 6 Monate bis 3 Jahre, je nach Versiegelung und Lackzustand.<\/p>\t\t\t\t\t<\/div>\n\t\t\t\t\t\t<\/div>\n\t\t\t\t<\/div>\n\t\t\t\t<div class=\"elementor-element elementor-element-6d2255e elementor-widget elementor-widget-spacer\" data-id=\"6d2255e\" data-element_type=\"widget\" data-widget_type=\"spacer.default\">\n\t\t\t\t<div class=\"elementor-widget-container\">\n\t\t\t\t\t<div class=\"elementor-spacer\">\n\t\t\t<div class=\"elementor-spacer-inner\"><\/div>\n\t\t<\/div>\n\t\t\t\t<\/div>\n\t\t\t\t<\/div>\n\t\t\t\t\t\t<\/div>\n\t\t\t\t\t<\/div>\n\t\t<\/div>\n\t\t\t\t<div class=\"has_eae_slider elementor-column elementor-col-50 elementor-top-column elementor-element elementor-element-ffe3700\" data-id=\"ffe3700\" data-element_type=\"column\">\n\t\t\t<div class=\"elementor-column-wrap elementor-element-populated\">\n\t\t\t\t\t\t\t<div class=\"elementor-widget-wrap\">\n\t\t\t\t\t\t<div class=\"elementor-element elementor-element-dfa4833 elementor-widget elementor-widget-spacer\" data-id=\"dfa4833\" data-element_type=\"widget\" data-widget_type=\"spacer.default\">\n\t\t\t\t<div class=\"elementor-widget-container\">\n\t\t\t\t\t<div class=\"elementor-spacer\">\n\t\t\t<div class=\"elementor-spacer-inner\"><\/div>\n\t\t<\/div>\n\t\t\t\t<\/div>\n\t\t\t\t<\/div>\n\t\t\t\t<div class=\"elementor-element elementor-element-2638d33 elementor-widget elementor-widget-image\" data-id=\"2638d33\" data-element_type=\"widget\" data-settings=\"{&quot;_animation&quot;:&quot;none&quot;}\" data-widget_type=\"image.default\">\n\t\t\t\t<div class=\"elementor-widget-container\">\n\t\t\t\t\t\t\t\t<div class=\"elementor-image\">\n\t\t\t\t\t\t\t\t\t\t\t\t<img loading=\"lazy\" decoding=\"async\" width=\"185\" height=\"194\" src=\"https:\/\/mh-fahrzeugpflege.de\/wordpress\/wp-content\/uploads\/2020\/05\/bund-1.jpg\" class=\"attachment-large size-large\" alt=\"\" \/>\t\t\t\t\t\t\t\t\t\t\t\t\t\t<\/div>\n\t\t\t\t\t\t<\/div>\n\t\t\t\t<\/div>\n\t\t\t\t\t\t<\/div>\n\t\t\t\t\t<\/div>\n\t\t<\/div>\n\t\t\t\t\t\t\t\t<\/div>\n\t\t\t\t\t<\/div>\n\t\t<\/section>\n\t\t\t\t<section class=\"has_eae_slider elementor-section elementor-top-section elementor-element elementor-element-5e1f52a elementor-section-boxed elementor-section-height-default elementor-section-height-default\" data-id=\"5e1f52a\" data-element_type=\"section\">\n\t\t\t\t\t\t<div class=\"elementor-container elementor-column-gap-default\">\n\t\t\t\t\t\t\t<div class=\"elementor-row\">\n\t\t\t\t\t<div class=\"has_eae_slider elementor-column elementor-col-100 elementor-top-column elementor-element elementor-element-2f0d4b8\" data-id=\"2f0d4b8\" data-element_type=\"column\">\n\t\t\t<div class=\"elementor-column-wrap elementor-element-populated\">\n\t\t\t\t\t\t\t<div class=\"elementor-widget-wrap\">\n\t\t\t\t\t\t<div class=\"elementor-element elementor-element-88a22b8 elementor-widget elementor-widget-spacer\" data-id=\"88a22b8\" data-element_type=\"widget\" data-widget_type=\"spacer.default\">\n\t\t\t\t<div class=\"elementor-widget-container\">\n\t\t\t\t\t<div class=\"elementor-spacer\">\n\t\t\t<div class=\"elementor-spacer-inner\"><\/div>\n\t\t<\/div>\n\t\t\t\t<\/div>\n\t\t\t\t<\/div>\n\t\t\t\t<div class=\"elementor-element elementor-element-08990af elementor-widget elementor-widget-lae-services\" data-id=\"08990af\" data-element_type=\"widget\" data-widget_type=\"lae-services.default\">\n\t\t\t\t<div class=\"elementor-widget-container\">\n\t\t\t\n\n<div class=\"lae-services lae-services-style1 lae-uber-grid-container  lae-grid-auto-column-layout\" >\n\n    \n        \n        \n        \n<div class=\"lae-service  lae-animate-on-scroll lae-visible-on-scroll\"  data-animation=\"fadeIn\">\n\n    \n        \n        <div class=\"lae-icon-wrapper\">\n\n            <i aria-hidden=\"true\" class=\"fas fa-gem\"><\/i>\n        <\/div>\n\n    \n    <div class=\"lae-service-text\">\n\n        <h3 class=\"lae-title\">Hochglanzversiegelungen<\/h3>\n        <div class=\"lae-service-details\">Wir bieten Ihnen eine vielzahl an verschiedenen Versiegelungen an. (Nanoversiegelungen , Keramikversiegelung etc.)<\/div>\n\n    <\/div><!-- .lae-service-text -->\n\n<\/div><!-- .lae-service -->\n    \n        \n        \n        \n<div class=\"lae-service  lae-animate-on-scroll lae-visible-on-scroll\"  data-animation=\"fadeIn\">\n\n    \n        \n        <div class=\"lae-icon-wrapper\">\n\n            <i aria-hidden=\"true\" class=\"fas fa-car\"><\/i>\n        <\/div>\n\n    \n    <div class=\"lae-service-text\">\n\n        <h3 class=\"lae-title\">Innenraumpflege<\/h3>\n        <div class=\"lae-service-details\">Intensive Innenraumreinigung (Polster, Teppich, Himmel) \nLederpflege \n<\/div>\n\n    <\/div><!-- .lae-service-text -->\n\n<\/div><!-- .lae-service -->\n    \n        \n        \n        \n<div class=\"lae-service  lae-animate-on-scroll lae-visible-on-scroll\"  data-animation=\"fadeIn\">\n\n    \n        \n        <div class=\"lae-icon-wrapper\">\n\n            <i aria-hidden=\"true\" class=\"fas fa-trash\"><\/i>\n        <\/div>\n\n    \n    <div class=\"lae-service-text\">\n\n        <h3 class=\"lae-title\">Geruchsentfernung<\/h3>\n        <div class=\"lae-service-details\">Durch moderne Technologien ist die dauerhafte Geruchsentfernung in Ihrem Fahrzeug m\u00f6glich. \n<\/div>\n\n    <\/div><!-- .lae-service-text -->\n\n<\/div><!-- .lae-service -->\n    \n<\/div><!-- .lae-services -->\n\n<div class=\"lae-clear\"><\/div>\t\t<\/div>\n\t\t\t\t<\/div>\n\t\t\t\t<div class=\"elementor-element elementor-element-447e6ef elementor-widget elementor-widget-spacer\" data-id=\"447e6ef\" data-element_type=\"widget\" data-widget_type=\"spacer.default\">\n\t\t\t\t<div class=\"elementor-widget-container\">\n\t\t\t\t\t<div class=\"elementor-spacer\">\n\t\t\t<div class=\"elementor-spacer-inner\"><\/div>\n\t\t<\/div>\n\t\t\t\t<\/div>\n\t\t\t\t<\/div>\n\t\t\t\t\t\t<\/div>\n\t\t\t\t\t<\/div>\n\t\t<\/div>\n\t\t\t\t\t\t\t\t<\/div>\n\t\t\t\t\t<\/div>\n\t\t<\/section>\n\t\t\t\t\t\t\t\t\t<\/div>\n\t\t\t<\/div>\n\t\t\t\t\t<\/div>\n\t\t","protected":false},"excerpt":{"rendered":"<p>Fahrzeugpflege mit Liebe zum Detail! Hochglanzversiegelung &#8211; Inneraumpflege &#8211; Geruchsentfernung Ein Firmenmotto, das alles sagt: Unsere anspruchsvolle Kundschaft erwartet von uns mehr als eine einfache Wagenw\u00e4sche. Fahrzeugpflege ist f\u00fcr uns Kunst. Basis ist unbestechliche Gr\u00fcndlichkeit, mit der wir aus der kleinsten Pore Ihres Wagens Brillanz holen. Die Summe der Glanzlichter zu stilisieren \u2013 das ist [&hellip;]<\/p>\n","protected":false},"author":1,"featured_media":0,"parent":0,"menu_order":0,"comment_status":"closed","ping_status":"closed","template":"elementor_header_footer","meta":{"footnotes":""},"_links":{"self":[{"href":"https:\/\/mh-fahrzeugpflege.de\/index.php?rest_route=\/wp\/v2\/pages\/22"}],"collection":[{"href":"https:\/\/mh-fahrzeugpflege.de\/index.php?rest_route=\/wp\/v2\/pages"}],"about":[{"href":"https:\/\/mh-fahrzeugpflege.de\/index.php?rest_route=\/wp\/v2\/types\/page"}],"author":[{"embeddable":true,"href":"https:\/\/mh-fahrzeugpflege.de\/index.php?rest_route=\/wp\/v2\/users\/1"}],"replies":[{"embeddable":true,"href":"https:\/\/mh-fahrzeugpflege.de\/index.php?rest_route=%2Fwp%2Fv2%2Fcomments&post=22"}],"version-history":[{"count":53,"href":"https:\/\/mh-fahrzeugpflege.de\/index.php?rest_route=\/wp\/v2\/pages\/22\/revisions"}],"predecessor-version":[{"id":417,"href":"https:\/\/mh-fahrzeugpflege.de\/index.php?rest_route=\/wp\/v2\/pages\/22\/revisions\/417"}],"wp:attachment":[{"href":"https:\/\/mh-fahrzeugpflege.de\/index.php?rest_route=%2Fwp%2Fv2%2Fmedia&parent=22"}],"curies":[{"name":"wp","href":"https:\/\/api.w.org\/{rel}","templated":true}]}}