{"id":20,"date":"2020-05-06T19:55:23","date_gmt":"2020-05-06T17:55:23","guid":{"rendered":"http:\/\/mh-fahrzeugpflege.de\/wordpress\/?page_id=20"},"modified":"2024-04-09T20:56:58","modified_gmt":"2024-04-09T18:56:58","slug":"geruchsentfernung","status":"publish","type":"page","link":"https:\/\/mh-fahrzeugpflege.de\/?page_id=20","title":{"rendered":"Geruchsentfernung"},"content":{"rendered":"\t\t<div data-elementor-type=\"wp-page\" data-elementor-id=\"20\" class=\"elementor elementor-20\">\n\t\t\t\t\t\t<div class=\"elementor-inner\">\n\t\t\t\t<div class=\"elementor-section-wrap\">\n\t\t\t\t\t\t\t\t\t<section class=\"has_eae_slider elementor-section elementor-top-section elementor-element elementor-element-b0051e2 elementor-section-boxed elementor-section-height-default elementor-section-height-default\" data-id=\"b0051e2\" data-element_type=\"section\">\n\t\t\t\t\t\t<div class=\"elementor-container elementor-column-gap-default\">\n\t\t\t\t\t\t\t<div class=\"elementor-row\">\n\t\t\t\t\t<div class=\"has_eae_slider elementor-column elementor-col-100 elementor-top-column elementor-element elementor-element-ece203d\" data-id=\"ece203d\" data-element_type=\"column\">\n\t\t\t<div class=\"elementor-column-wrap elementor-element-populated\">\n\t\t\t\t\t\t\t<div class=\"elementor-widget-wrap\">\n\t\t\t\t\t\t<div class=\"elementor-element elementor-element-944d338 elementor-widget elementor-widget-spacer\" data-id=\"944d338\" data-element_type=\"widget\" data-widget_type=\"spacer.default\">\n\t\t\t\t<div class=\"elementor-widget-container\">\n\t\t\t\t\t<div class=\"elementor-spacer\">\n\t\t\t<div class=\"elementor-spacer-inner\"><\/div>\n\t\t<\/div>\n\t\t\t\t<\/div>\n\t\t\t\t<\/div>\n\t\t\t\t\t\t<\/div>\n\t\t\t\t\t<\/div>\n\t\t<\/div>\n\t\t\t\t\t\t\t\t<\/div>\n\t\t\t\t\t<\/div>\n\t\t<\/section>\n\t\t\t\t<section class=\"has_eae_slider elementor-section elementor-top-section elementor-element elementor-element-bd88a75 elementor-section-boxed elementor-section-height-default elementor-section-height-default\" data-id=\"bd88a75\" data-element_type=\"section\" data-settings=\"{&quot;animation&quot;:&quot;none&quot;}\">\n\t\t\t\t\t\t<div class=\"elementor-container elementor-column-gap-default\">\n\t\t\t\t\t\t\t<div class=\"elementor-row\">\n\t\t\t\t\t<div class=\"has_eae_slider elementor-column elementor-col-66 elementor-top-column elementor-element elementor-element-60d5e5f\" data-id=\"60d5e5f\" data-element_type=\"column\">\n\t\t\t<div class=\"elementor-column-wrap elementor-element-populated\">\n\t\t\t\t\t\t\t<div class=\"elementor-widget-wrap\">\n\t\t\t\t\t\t<div class=\"elementor-element elementor-element-360bbcb elementor-invisible elementor-widget elementor-widget-heading\" data-id=\"360bbcb\" data-element_type=\"widget\" data-settings=\"{&quot;_animation&quot;:&quot;fadeInDown&quot;,&quot;_animation_delay&quot;:600}\" data-widget_type=\"heading.default\">\n\t\t\t\t<div class=\"elementor-widget-container\">\n\t\t\t<h2 class=\"elementor-heading-title elementor-size-default\">Geruchsentfernung<\/h2>\t\t<\/div>\n\t\t\t\t<\/div>\n\t\t\t\t<div class=\"elementor-element elementor-element-4608ee3 elementor-invisible elementor-widget elementor-widget-text-editor\" data-id=\"4608ee3\" data-element_type=\"widget\" data-settings=\"{&quot;_animation&quot;:&quot;fadeInDown&quot;}\" data-widget_type=\"text-editor.default\">\n\t\t\t\t<div class=\"elementor-widget-container\">\n\t\t\t\t\t\t\t\t<div class=\"elementor-text-editor elementor-clearfix\">\n\t\t\t\t<p>Ein Auto, das so duftet als w\u00e4re es nie zuvor gefahren worden? \u00a0\u00a0 <b>Unm\u00f6glich?<\/b> Nein nicht unm\u00f6glich! Durch die dauerhafte Geruchsentfernung in Ihrem Fahrzeug. Dank neuster Technologie.<\/p><p>Der Ozongenerator wandelt vorhandenen Sauerstoff in Ozon um, ohne Zuhilfenahme von Chemikalien und belastet dadurch die Umwelt nicht. Ozon ist eines der reinsten und st\u00e4rksten Oxydations- und keimt\u00f6tenden Mittel. Durch Oxidation werden s\u00e4mtliche Ger\u00fcche eliminiert. Hierzu z\u00e4hlen auch die besonders hartn\u00e4ckigen Ger\u00fcche wie:<br \/><br \/><\/p><ul><li><strong>Tabakrauch, Brandgeruch<\/strong><\/li><li><strong>Tierger\u00fcche, Essensger\u00fcche<\/strong><\/li><li><strong>Abfallgeruch<\/strong><\/li><li><strong>Chemie- und Lackger\u00fcche<\/strong><\/li><li><strong>sowie alle anderen Ger\u00fcche und Geruchsarten.<\/strong><\/li><\/ul><p><br \/>Das Ergebnis ist in Verbindung mit einer Innen-Intensivreinigung umwerfend, da die Ger\u00fcche nicht nur vor\u00fcbergehend sondern dauerhaft beseitigt werden und das ohne Hinzuf\u00fcgen von Duftstoffen, die das Problem nur \u00fcberdecken!<\/p>\t\t\t\t\t<\/div>\n\t\t\t\t\t\t<\/div>\n\t\t\t\t<\/div>\n\t\t\t\t\t\t<\/div>\n\t\t\t\t\t<\/div>\n\t\t<\/div>\n\t\t\t\t<div class=\"has_eae_slider elementor-column elementor-col-33 elementor-top-column elementor-element elementor-element-8721d4c\" data-id=\"8721d4c\" data-element_type=\"column\">\n\t\t\t<div class=\"elementor-column-wrap elementor-element-populated\">\n\t\t\t\t\t\t\t<div class=\"elementor-widget-wrap\">\n\t\t\t\t\t\t<div class=\"elementor-element elementor-element-1bff414 elementor-widget elementor-widget-spacer\" data-id=\"1bff414\" data-element_type=\"widget\" data-widget_type=\"spacer.default\">\n\t\t\t\t<div class=\"elementor-widget-container\">\n\t\t\t\t\t<div class=\"elementor-spacer\">\n\t\t\t<div class=\"elementor-spacer-inner\"><\/div>\n\t\t<\/div>\n\t\t\t\t<\/div>\n\t\t\t\t<\/div>\n\t\t\t\t<div class=\"elementor-element elementor-element-d3e1d2f elementor-invisible elementor-widget elementor-widget-image\" data-id=\"d3e1d2f\" data-element_type=\"widget\" data-settings=\"{&quot;_animation&quot;:&quot;fadeInRight&quot;}\" data-widget_type=\"image.default\">\n\t\t\t\t<div class=\"elementor-widget-container\">\n\t\t\t\t\t\t\t\t<div class=\"elementor-image\">\n\t\t\t\t\t\t\t\t\t\t\t\t<img loading=\"lazy\" decoding=\"async\" width=\"800\" height=\"533\" src=\"https:\/\/mh-fahrzeugpflege.de\/wordpress\/wp-content\/uploads\/2020\/05\/mh_A732355.png\" class=\"attachment-large size-large\" alt=\"\" srcset=\"https:\/\/mh-fahrzeugpflege.de\/wordpress\/wp-content\/uploads\/2020\/05\/mh_A732355.png 800w, https:\/\/mh-fahrzeugpflege.de\/wordpress\/wp-content\/uploads\/2020\/05\/mh_A732355-300x200.png 300w, https:\/\/mh-fahrzeugpflege.de\/wordpress\/wp-content\/uploads\/2020\/05\/mh_A732355-768x512.png 768w\" sizes=\"(max-width: 800px) 100vw, 800px\" \/>\t\t\t\t\t\t\t\t\t\t\t\t\t\t<\/div>\n\t\t\t\t\t\t<\/div>\n\t\t\t\t<\/div>\n\t\t\t\t<div class=\"elementor-element elementor-element-648e4af elementor-invisible elementor-widget elementor-widget-image\" data-id=\"648e4af\" data-element_type=\"widget\" data-settings=\"{&quot;_animation&quot;:&quot;fadeInRight&quot;}\" data-widget_type=\"image.default\">\n\t\t\t\t<div class=\"elementor-widget-container\">\n\t\t\t\t\t\t\t\t<div class=\"elementor-image\">\n\t\t\t\t\t\t\t\t\t\t\t\t<img loading=\"lazy\" decoding=\"async\" width=\"533\" height=\"800\" src=\"https:\/\/mh-fahrzeugpflege.de\/wordpress\/wp-content\/uploads\/2020\/05\/mh_A732360.png\" class=\"attachment-large size-large\" alt=\"\" srcset=\"https:\/\/mh-fahrzeugpflege.de\/wordpress\/wp-content\/uploads\/2020\/05\/mh_A732360.png 533w, https:\/\/mh-fahrzeugpflege.de\/wordpress\/wp-content\/uploads\/2020\/05\/mh_A732360-200x300.png 200w\" sizes=\"(max-width: 533px) 100vw, 533px\" \/>\t\t\t\t\t\t\t\t\t\t\t\t\t\t<\/div>\n\t\t\t\t\t\t<\/div>\n\t\t\t\t<\/div>\n\t\t\t\t<div class=\"elementor-element elementor-element-a2a094b elementor-widget elementor-widget-spacer\" data-id=\"a2a094b\" data-element_type=\"widget\" data-widget_type=\"spacer.default\">\n\t\t\t\t<div class=\"elementor-widget-container\">\n\t\t\t\t\t<div class=\"elementor-spacer\">\n\t\t\t<div class=\"elementor-spacer-inner\"><\/div>\n\t\t<\/div>\n\t\t\t\t<\/div>\n\t\t\t\t<\/div>\n\t\t\t\t\t\t<\/div>\n\t\t\t\t\t<\/div>\n\t\t<\/div>\n\t\t\t\t\t\t\t\t<\/div>\n\t\t\t\t\t<\/div>\n\t\t<\/section>\n\t\t\t\t\t\t\t\t\t<\/div>\n\t\t\t<\/div>\n\t\t\t\t\t<\/div>\n\t\t","protected":false},"excerpt":{"rendered":"<p>Geruchsentfernung Ein Auto, das so duftet als w\u00e4re es nie zuvor gefahren worden? \u00a0\u00a0 Unm\u00f6glich? Nein nicht unm\u00f6glich! Durch die dauerhafte Geruchsentfernung in Ihrem Fahrzeug. Dank neuster Technologie. Der Ozongenerator wandelt vorhandenen Sauerstoff in Ozon um, ohne Zuhilfenahme von Chemikalien und belastet dadurch die Umwelt nicht. Ozon ist eines der reinsten und st\u00e4rksten Oxydations- und [&hellip;]<\/p>\n","protected":false},"author":1,"featured_media":0,"parent":0,"menu_order":0,"comment_status":"closed","ping_status":"closed","template":"elementor_header_footer","meta":{"footnotes":""},"_links":{"self":[{"href":"https:\/\/mh-fahrzeugpflege.de\/index.php?rest_route=\/wp\/v2\/pages\/20"}],"collection":[{"href":"https:\/\/mh-fahrzeugpflege.de\/index.php?rest_route=\/wp\/v2\/pages"}],"about":[{"href":"https:\/\/mh-fahrzeugpflege.de\/index.php?rest_route=\/wp\/v2\/types\/page"}],"author":[{"embeddable":true,"href":"https:\/\/mh-fahrzeugpflege.de\/index.php?rest_route=\/wp\/v2\/users\/1"}],"replies":[{"embeddable":true,"href":"https:\/\/mh-fahrzeugpflege.de\/index.php?rest_route=%2Fwp%2Fv2%2Fcomments&post=20"}],"version-history":[{"count":14,"href":"https:\/\/mh-fahrzeugpflege.de\/index.php?rest_route=\/wp\/v2\/pages\/20\/revisions"}],"predecessor-version":[{"id":401,"href":"https:\/\/mh-fahrzeugpflege.de\/index.php?rest_route=\/wp\/v2\/pages\/20\/revisions\/401"}],"wp:attachment":[{"href":"https:\/\/mh-fahrzeugpflege.de\/index.php?rest_route=%2Fwp%2Fv2%2Fmedia&parent=20"}],"curies":[{"name":"wp","href":"https:\/\/api.w.org\/{rel}","templated":true}]}}